{"id":741,"date":"2026-01-22T20:07:07","date_gmt":"2026-01-22T20:07:07","guid":{"rendered":"https:\/\/torreapinturaydecoracion.com\/?page_id=741"},"modified":"2026-02-16T10:07:57","modified_gmt":"2026-02-16T10:07:57","slug":"blog","status":"publish","type":"page","link":"https:\/\/torreapinturaydecoracion.com\/en\/blog\/","title":{"rendered":"Blog"},"content":{"rendered":"<div data-elementor-type=\"wp-page\" data-elementor-id=\"741\" class=\"elementor elementor-741\" data-elementor-post-type=\"page\">\n\t\t\t\t<div class=\"elementor-element elementor-element-6426b63 e-con-full e-flex e-con e-parent\" data-id=\"6426b63\" data-element_type=\"container\" data-e-type=\"container\">\n\t\t\t\t<div class=\"elementor-element elementor-element-969b866 elementor-invisible elementor-widget elementor-widget-heading\" data-id=\"969b866\" data-element_type=\"widget\" data-e-type=\"widget\" data-settings=\"{&quot;_animation&quot;:&quot;fadeInDown&quot;}\" data-widget_type=\"heading.default\">\n\t\t\t\t\t<h2 class=\"elementor-heading-title elementor-size-default\">Nuestro blog<\/h2>\t\t\t\t<\/div>\n\t\t\t\t<\/div>\n\t\t<div class=\"elementor-element elementor-element-33ac684 e-con-full e-flex e-con e-parent\" data-id=\"33ac684\" data-element_type=\"container\" data-e-type=\"container\" data-settings=\"{&quot;background_background&quot;:&quot;classic&quot;,&quot;animation_mobile&quot;:&quot;fadeIn&quot;}\">\n\t\t\t\t<div class=\"elementor-element elementor-element-1bc091d animated-slow elementor-grid-3 elementor-grid-tablet-2 elementor-grid-mobile-1 elementor-posts--thumbnail-top elementor-card-shadow-yes elementor-posts__hover-gradient elementor-invisible elementor-widget elementor-widget-posts\" data-id=\"1bc091d\" data-element_type=\"widget\" data-e-type=\"widget\" data-settings=\"{&quot;pagination_type&quot;:&quot;load_more_infinite_scroll&quot;,&quot;_animation&quot;:&quot;fadeIn&quot;,&quot;cards_columns&quot;:&quot;3&quot;,&quot;cards_columns_tablet&quot;:&quot;2&quot;,&quot;cards_columns_mobile&quot;:&quot;1&quot;,&quot;cards_row_gap&quot;:{&quot;unit&quot;:&quot;px&quot;,&quot;size&quot;:35,&quot;sizes&quot;:[]},&quot;cards_row_gap_tablet&quot;:{&quot;unit&quot;:&quot;px&quot;,&quot;size&quot;:&quot;&quot;,&quot;sizes&quot;:[]},&quot;cards_row_gap_mobile&quot;:{&quot;unit&quot;:&quot;px&quot;,&quot;size&quot;:&quot;&quot;,&quot;sizes&quot;:[]},&quot;load_more_spinner&quot;:{&quot;value&quot;:&quot;fas fa-spinner&quot;,&quot;library&quot;:&quot;fa-solid&quot;}}\" data-widget_type=\"posts.cards\">\n\t\t\t\t<div class=\"elementor-widget-container\">\n\t\t\t\t\t\t\t<div class=\"elementor-posts-container elementor-posts elementor-posts--skin-cards elementor-grid\" role=\"list\">\n\t\t\t\t<article class=\"elementor-post elementor-grid-item post-1402 post type-post status-publish format-standard has-post-thumbnail hentry category-uncategorized\" role=\"listitem\">\n\t\t\t<div class=\"elementor-post__card\">\n\t\t\t\t<a class=\"elementor-post__thumbnail__link\" href=\"https:\/\/torreapinturaydecoracion.com\/en\/mantenimiento-y-cuidados-para-prolongar-la-vida-de-la-pintura\/\" tabindex=\"-1\"  aria-label=\"Enlace\"><div class=\"elementor-post__thumbnail\"><img fetchpriority=\"high\" decoding=\"async\" width=\"1920\" height=\"2560\" src=\"https:\/\/torreapinturaydecoracion.com\/wp-content\/uploads\/2026\/02\/IMG_0941-scaled.jpg\" class=\"attachment-medium size-medium wp-image-1435\" alt=\"\" \/><\/div><\/a>\n\t\t\t\t<div class=\"elementor-post__text\">\n\t\t\t\t<h3 class=\"elementor-post__title\">\n\t\t\t<a href=\"https:\/\/torreapinturaydecoracion.com\/en\/mantenimiento-y-cuidados-para-prolongar-la-vida-de-la-pintura\/\" >\n\t\t\t\tMantenimiento y cuidados para prolongar la vida de la pintura\t\t\t<\/a>\n\t\t<\/h3>\n\t\t\t\t<div class=\"elementor-post__excerpt\">\n\t\t\t<p>Una vez finalizado el trabajo de pintura, el mantenimiento adecuado ayudar\u00e1 a conservar el acabado durante a\u00f1os. Es recomendable limpiar las paredes con un pa\u00f1o suave ligeramente h\u00famedo, evitando productos<\/p>\n\t\t<\/div>\n\t\t\t\t<\/div>\n\t\t\t\t<div class=\"elementor-post__meta-data\">\n\t\t\t\t\t<span class=\"elementor-post-date\">\n\t\t\t16\/02\/2026\t\t<\/span>\n\t\t\t\t<span class=\"elementor-post-avatar\">\n\t\t\tNo Comments\t\t<\/span>\n\t\t\t\t<\/div>\n\t\t\t\t\t<\/div>\n\t\t<\/article>\n\t\t\t\t<article class=\"elementor-post elementor-grid-item post-1400 post type-post status-publish format-standard has-post-thumbnail hentry category-uncategorized\" role=\"listitem\">\n\t\t\t<div class=\"elementor-post__card\">\n\t\t\t\t<a class=\"elementor-post__thumbnail__link\" href=\"https:\/\/torreapinturaydecoracion.com\/en\/pintura-decorativa-transforma-tus-espacios-con-tecnicas-especiales\/\" tabindex=\"-1\"  aria-label=\"Enlace\"><div class=\"elementor-post__thumbnail\"><img decoding=\"async\" width=\"2560\" height=\"1920\" src=\"https:\/\/torreapinturaydecoracion.com\/wp-content\/uploads\/2026\/02\/IMG_0955-scaled.jpg\" class=\"attachment-medium size-medium wp-image-1437\" alt=\"\" \/><\/div><\/a>\n\t\t\t\t<div class=\"elementor-post__text\">\n\t\t\t\t<h3 class=\"elementor-post__title\">\n\t\t\t<a href=\"https:\/\/torreapinturaydecoracion.com\/en\/pintura-decorativa-transforma-tus-espacios-con-tecnicas-especiales\/\" >\n\t\t\t\tPintura decorativa: transforma tus espacios con t\u00e9cnicas especiales\t\t\t<\/a>\n\t\t<\/h3>\n\t\t\t\t<div class=\"elementor-post__excerpt\">\n\t\t\t<p>M\u00e1s all\u00e1 del color liso tradicional, existen m\u00faltiples t\u00e9cnicas decorativas que permiten dar personalidad y estilo a cualquier estancia. El estuco veneciano aporta elegancia y un efecto m\u00e1rmol sofisticado. El<\/p>\n\t\t<\/div>\n\t\t\t\t<\/div>\n\t\t\t\t<div class=\"elementor-post__meta-data\">\n\t\t\t\t\t<span class=\"elementor-post-date\">\n\t\t\t16\/02\/2026\t\t<\/span>\n\t\t\t\t<span class=\"elementor-post-avatar\">\n\t\t\tNo Comments\t\t<\/span>\n\t\t\t\t<\/div>\n\t\t\t\t\t<\/div>\n\t\t<\/article>\n\t\t\t\t<article class=\"elementor-post elementor-grid-item post-1398 post type-post status-publish format-standard has-post-thumbnail hentry category-uncategorized\" role=\"listitem\">\n\t\t\t<div class=\"elementor-post__card\">\n\t\t\t\t<a class=\"elementor-post__thumbnail__link\" href=\"https:\/\/torreapinturaydecoracion.com\/en\/como-preparar-tu-vivienda-antes-de-pintar\/\" tabindex=\"-1\"  aria-label=\"Enlace\"><div class=\"elementor-post__thumbnail\"><img decoding=\"async\" width=\"540\" height=\"720\" src=\"https:\/\/torreapinturaydecoracion.com\/wp-content\/uploads\/2026\/02\/IMG_2500.jpg\" class=\"attachment-medium size-medium wp-image-1438\" alt=\"\" srcset=\"https:\/\/torreapinturaydecoracion.com\/wp-content\/uploads\/2026\/02\/IMG_2500.jpg 540w, https:\/\/torreapinturaydecoracion.com\/wp-content\/uploads\/2026\/02\/IMG_2500-9x12.jpg 9w\" sizes=\"(max-width: 540px) 100vw, 540px\" \/><\/div><\/a>\n\t\t\t\t<div class=\"elementor-post__text\">\n\t\t\t\t<h3 class=\"elementor-post__title\">\n\t\t\t<a href=\"https:\/\/torreapinturaydecoracion.com\/en\/como-preparar-tu-vivienda-antes-de-pintar\/\" >\n\t\t\t\tC\u00f3mo preparar tu vivienda antes de pintar\t\t\t<\/a>\n\t\t<\/h3>\n\t\t\t\t<div class=\"elementor-post__excerpt\">\n\t\t\t<p>Una correcta preparaci\u00f3n es fundamental para lograr un resultado impecable. Antes de comenzar a pintar, es importante retirar o cubrir muebles, proteger suelos con pl\u00e1sticos o papel especial y desmontar<\/p>\n\t\t<\/div>\n\t\t\t\t<\/div>\n\t\t\t\t<div class=\"elementor-post__meta-data\">\n\t\t\t\t\t<span class=\"elementor-post-date\">\n\t\t\t16\/02\/2026\t\t<\/span>\n\t\t\t\t<span class=\"elementor-post-avatar\">\n\t\t\tNo Comments\t\t<\/span>\n\t\t\t\t<\/div>\n\t\t\t\t\t<\/div>\n\t\t<\/article>\n\t\t\t\t<article class=\"elementor-post elementor-grid-item post-1396 post type-post status-publish format-standard has-post-thumbnail hentry category-uncategorized\" role=\"listitem\">\n\t\t\t<div class=\"elementor-post__card\">\n\t\t\t\t<a class=\"elementor-post__thumbnail__link\" href=\"https:\/\/torreapinturaydecoracion.com\/en\/ventajas-de-contratar-un-pintor-profesional-frente-al-bricolaje\/\" tabindex=\"-1\"  aria-label=\"foto2\"><div class=\"elementor-post__thumbnail\"><img loading=\"lazy\" decoding=\"async\" width=\"1216\" height=\"832\" src=\"https:\/\/torreapinturaydecoracion.com\/wp-content\/uploads\/2026\/02\/acfgd-3-1771227604-FpND7n.png\" class=\"attachment-medium size-medium wp-image-1354\" alt=\"foto2\" srcset=\"https:\/\/torreapinturaydecoracion.com\/wp-content\/uploads\/2026\/02\/acfgd-3-1771227604-FpND7n.png 1216w, https:\/\/torreapinturaydecoracion.com\/wp-content\/uploads\/2026\/02\/acfgd-3-1771227604-FpND7n-768x525.png 768w, https:\/\/torreapinturaydecoracion.com\/wp-content\/uploads\/2026\/02\/acfgd-3-1771227604-FpND7n-18x12.png 18w\" sizes=\"(max-width: 1216px) 100vw, 1216px\" \/><\/div><\/a>\n\t\t\t\t<div class=\"elementor-post__text\">\n\t\t\t\t<h3 class=\"elementor-post__title\">\n\t\t\t<a href=\"https:\/\/torreapinturaydecoracion.com\/en\/ventajas-de-contratar-un-pintor-profesional-frente-al-bricolaje\/\" >\n\t\t\t\tVentajas de contratar un pintor profesional frente al bricolaje\t\t\t<\/a>\n\t\t<\/h3>\n\t\t\t\t<div class=\"elementor-post__excerpt\">\n\t\t\t<p>Muchas personas consideran pintar su vivienda por cuenta propia para ahorrar costes. Sin embargo, contratar un profesional ofrece ventajas que van mucho m\u00e1s all\u00e1 del acabado est\u00e9tico. Un especialista en<\/p>\n\t\t<\/div>\n\t\t\t\t<\/div>\n\t\t\t\t<div class=\"elementor-post__meta-data\">\n\t\t\t\t\t<span class=\"elementor-post-date\">\n\t\t\t16\/02\/2026\t\t<\/span>\n\t\t\t\t<span class=\"elementor-post-avatar\">\n\t\t\tNo Comments\t\t<\/span>\n\t\t\t\t<\/div>\n\t\t\t\t\t<\/div>\n\t\t<\/article>\n\t\t\t\t<article class=\"elementor-post elementor-grid-item post-1394 post type-post status-publish format-standard has-post-thumbnail hentry category-uncategorized\" role=\"listitem\">\n\t\t\t<div class=\"elementor-post__card\">\n\t\t\t\t<a class=\"elementor-post__thumbnail__link\" href=\"https:\/\/torreapinturaydecoracion.com\/en\/tendencias-en-colores-para-interiores-en-2026\/\" tabindex=\"-1\"  aria-label=\"Enlace\"><div class=\"elementor-post__thumbnail\"><img loading=\"lazy\" decoding=\"async\" width=\"960\" height=\"717\" src=\"https:\/\/torreapinturaydecoracion.com\/wp-content\/uploads\/2026\/02\/IMG_2534.jpg\" class=\"attachment-medium size-medium wp-image-1439\" alt=\"\" srcset=\"https:\/\/torreapinturaydecoracion.com\/wp-content\/uploads\/2026\/02\/IMG_2534.jpg 960w, https:\/\/torreapinturaydecoracion.com\/wp-content\/uploads\/2026\/02\/IMG_2534-768x574.jpg 768w, https:\/\/torreapinturaydecoracion.com\/wp-content\/uploads\/2026\/02\/IMG_2534-16x12.jpg 16w\" sizes=\"(max-width: 960px) 100vw, 960px\" \/><\/div><\/a>\n\t\t\t\t<div class=\"elementor-post__text\">\n\t\t\t\t<h3 class=\"elementor-post__title\">\n\t\t\t<a href=\"https:\/\/torreapinturaydecoracion.com\/en\/tendencias-en-colores-para-interiores-en-2026\/\" >\n\t\t\t\tTendencias en colores para interiores en 2026\t\t\t<\/a>\n\t\t<\/h3>\n\t\t\t\t<div class=\"elementor-post__excerpt\">\n\t\t\t<p>El color es uno de los elementos m\u00e1s transformadores en decoraci\u00f3n. Cada a\u00f1o surgen nuevas tendencias que marcan estilos y ambientes en viviendas y negocios. En 2026, predominan los tonos<\/p>\n\t\t<\/div>\n\t\t\t\t<\/div>\n\t\t\t\t<div class=\"elementor-post__meta-data\">\n\t\t\t\t\t<span class=\"elementor-post-date\">\n\t\t\t16\/02\/2026\t\t<\/span>\n\t\t\t\t<span class=\"elementor-post-avatar\">\n\t\t\tNo Comments\t\t<\/span>\n\t\t\t\t<\/div>\n\t\t\t\t\t<\/div>\n\t\t<\/article>\n\t\t\t\t<article class=\"elementor-post elementor-grid-item post-1392 post type-post status-publish format-standard has-post-thumbnail hentry category-uncategorized\" role=\"listitem\">\n\t\t\t<div class=\"elementor-post__card\">\n\t\t\t\t<a class=\"elementor-post__thumbnail__link\" href=\"https:\/\/torreapinturaydecoracion.com\/en\/como-elegir-la-pintura-adecuada-para-cada-estancia-de-tu-hogar\/\" tabindex=\"-1\"  aria-label=\"Enlace\"><div class=\"elementor-post__thumbnail\"><img loading=\"lazy\" decoding=\"async\" width=\"960\" height=\"717\" src=\"https:\/\/torreapinturaydecoracion.com\/wp-content\/uploads\/2026\/02\/IMG_9092.jpg\" class=\"attachment-medium size-medium wp-image-1440\" alt=\"\" srcset=\"https:\/\/torreapinturaydecoracion.com\/wp-content\/uploads\/2026\/02\/IMG_9092.jpg 960w, https:\/\/torreapinturaydecoracion.com\/wp-content\/uploads\/2026\/02\/IMG_9092-768x574.jpg 768w, https:\/\/torreapinturaydecoracion.com\/wp-content\/uploads\/2026\/02\/IMG_9092-16x12.jpg 16w\" sizes=\"(max-width: 960px) 100vw, 960px\" \/><\/div><\/a>\n\t\t\t\t<div class=\"elementor-post__text\">\n\t\t\t\t<h3 class=\"elementor-post__title\">\n\t\t\t<a href=\"https:\/\/torreapinturaydecoracion.com\/en\/como-elegir-la-pintura-adecuada-para-cada-estancia-de-tu-hogar\/\" >\n\t\t\t\tC\u00f3mo elegir la pintura adecuada para cada estancia de tu hogar\t\t\t<\/a>\n\t\t<\/h3>\n\t\t\t\t<div class=\"elementor-post__excerpt\">\n\t\t\t<p>Elegir la pintura correcta para cada espacio del hogar es una decisi\u00f3n clave que influye tanto en la est\u00e9tica como en la durabilidad de las paredes. No todas las pinturas<\/p>\n\t\t<\/div>\n\t\t\t\t<\/div>\n\t\t\t\t<div class=\"elementor-post__meta-data\">\n\t\t\t\t\t<span class=\"elementor-post-date\">\n\t\t\t16\/02\/2026\t\t<\/span>\n\t\t\t\t<span class=\"elementor-post-avatar\">\n\t\t\tNo Comments\t\t<\/span>\n\t\t\t\t<\/div>\n\t\t\t\t\t<\/div>\n\t\t<\/article>\n\t\t\t\t<\/div>\n\t\t\t\t\t<span class=\"e-load-more-spinner\">\n\t\t\t\t<svg aria-hidden=\"true\" class=\"e-font-icon-svg e-fas-spinner\" viewbox=\"0 0 512 512\" xmlns=\"http:\/\/www.w3.org\/2000\/svg\"><path d=\"M304 48c0 26.51-21.49 48-48 48s-48-21.49-48-48 21.49-48 48-48 48 21.49 48 48zm-48 368c-26.51 0-48 21.49-48 48s21.49 48 48 48 48-21.49 48-48-21.49-48-48-48zm208-208c-26.51 0-48 21.49-48 48s21.49 48 48 48 48-21.49 48-48-21.49-48-48-48zM96 256c0-26.51-21.49-48-48-48S0 229.49 0 256s21.49 48 48 48 48-21.49 48-48zm12.922 99.078c-26.51 0-48 21.49-48 48s21.49 48 48 48 48-21.49 48-48c0-26.509-21.491-48-48-48zm294.156 0c-26.51 0-48 21.49-48 48s21.49 48 48 48 48-21.49 48-48c0-26.509-21.49-48-48-48zM108.922 60.922c-26.51 0-48 21.49-48 48s21.49 48 48 48 48-21.49 48-48-21.491-48-48-48z\"><\/path><\/svg>\t\t\t<\/span>\n\t\t\n\t\t\t\t\t\t<\/div>\n\t\t\t\t<\/div>\n\t\t\t\t<\/div>\n\t\t\t\t<\/div>","protected":false},"excerpt":{"rendered":"<p>Nuestro blog<\/p>","protected":false},"author":1,"featured_media":1390,"parent":0,"menu_order":0,"comment_status":"closed","ping_status":"closed","template":"","meta":{"_acf_changed":false,"footnotes":""},"class_list":["post-741","page","type-page","status-publish","has-post-thumbnail","hentry"],"acf":[],"yoast_head":"<!-- This site is optimized with the Yoast SEO plugin v26.9 - https:\/\/yoast.com\/product\/yoast-seo-wordpress\/ -->\n<title>Blog - Jose Luis Gracia Torrea \u00b7 Pintura y Decoraci\u00f3n<\/title>\n<meta name=\"description\" content=\"Visita el blog de Jose Luis Gracia Torrea y descubre consejos sobre pintura y decoraci\u00f3n. \u00a1Insp\u00edrate en Terrassa! M\u00e1s info sobre Jose Luis Gracia Torrea \u00b7\" \/>\n<meta name=\"robots\" content=\"noindex, follow, max-snippet:-1, max-image-preview:large, max-video-preview:-1\" \/>\n<meta property=\"og:locale\" content=\"en_US\" \/>\n<meta property=\"og:type\" content=\"article\" \/>\n<meta property=\"og:title\" content=\"Blog - Jose Luis Gracia Torrea \u00b7 Pintura y Decoraci\u00f3n\" \/>\n<meta property=\"og:description\" content=\"Visita el blog de Jose Luis Gracia Torrea y descubre consejos sobre pintura y decoraci\u00f3n. \u00a1Insp\u00edrate en Terrassa! M\u00e1s info sobre Jose Luis Gracia Torrea \u00b7\" \/>\n<meta property=\"og:url\" content=\"https:\/\/torreapinturaydecoracion.com\/en\/blog\/\" \/>\n<meta property=\"og:site_name\" content=\"Jose Luis Gracia Torrea\" \/>\n<meta property=\"article:modified_time\" content=\"2026-02-16T10:07:57+00:00\" \/>\n<meta property=\"og:image\" content=\"https:\/\/torreapinturaydecoracion.com\/wp-content\/uploads\/2026\/02\/ChatGPT-Image-16-feb-2026-09_00_52.png\" \/>\n\t<meta property=\"og:image:width\" content=\"1536\" \/>\n\t<meta property=\"og:image:height\" content=\"1024\" \/>\n\t<meta property=\"og:image:type\" content=\"image\/png\" \/>\n<meta name=\"twitter:card\" content=\"summary_large_image\" \/>\n<meta name=\"twitter:label1\" content=\"Est. reading time\" \/>\n\t<meta name=\"twitter:data1\" content=\"5 minutes\" \/>\n<script type=\"application\/ld+json\" class=\"yoast-schema-graph\">{\"@context\":\"https:\/\/schema.org\",\"@graph\":[{\"@type\":\"WebPage\",\"@id\":\"https:\/\/torreapinturaydecoracion.com\/blog\/\",\"url\":\"https:\/\/torreapinturaydecoracion.com\/blog\/\",\"name\":\"Blog - Jose Luis Gracia Torrea \u00b7 Pintura y Decoraci\u00f3n\",\"isPartOf\":{\"@id\":\"https:\/\/torreapinturaydecoracion.com\/#website\"},\"primaryImageOfPage\":{\"@id\":\"https:\/\/torreapinturaydecoracion.com\/blog\/#primaryimage\"},\"image\":{\"@id\":\"https:\/\/torreapinturaydecoracion.com\/blog\/#primaryimage\"},\"thumbnailUrl\":\"https:\/\/torreapinturaydecoracion.com\/wp-content\/uploads\/2026\/02\/ChatGPT-Image-16-feb-2026-09_00_52.png\",\"datePublished\":\"2026-01-22T20:07:07+00:00\",\"dateModified\":\"2026-02-16T10:07:57+00:00\",\"description\":\"Visita el blog de Jose Luis Gracia Torrea y descubre consejos sobre pintura y decoraci\u00f3n. \u00a1Insp\u00edrate en Terrassa! M\u00e1s info sobre Jose Luis Gracia Torrea \u00b7\",\"breadcrumb\":{\"@id\":\"https:\/\/torreapinturaydecoracion.com\/blog\/#breadcrumb\"},\"inLanguage\":\"en-US\",\"potentialAction\":[{\"@type\":\"ReadAction\",\"target\":[\"https:\/\/torreapinturaydecoracion.com\/blog\/\"]}]},{\"@type\":\"ImageObject\",\"inLanguage\":\"en-US\",\"@id\":\"https:\/\/torreapinturaydecoracion.com\/blog\/#primaryimage\",\"url\":\"https:\/\/torreapinturaydecoracion.com\/wp-content\/uploads\/2026\/02\/ChatGPT-Image-16-feb-2026-09_00_52.png\",\"contentUrl\":\"https:\/\/torreapinturaydecoracion.com\/wp-content\/uploads\/2026\/02\/ChatGPT-Image-16-feb-2026-09_00_52.png\",\"width\":1536,\"height\":1024,\"caption\":\"logotipo\"},{\"@type\":\"BreadcrumbList\",\"@id\":\"https:\/\/torreapinturaydecoracion.com\/blog\/#breadcrumb\",\"itemListElement\":[{\"@type\":\"ListItem\",\"position\":1,\"name\":\"Portada\",\"item\":\"https:\/\/torreapinturaydecoracion.com\/\"},{\"@type\":\"ListItem\",\"position\":2,\"name\":\"Blog\"}]},{\"@type\":\"WebSite\",\"@id\":\"https:\/\/torreapinturaydecoracion.com\/#website\",\"url\":\"https:\/\/torreapinturaydecoracion.com\/\",\"name\":\"Jose Luis Gracia Torrea\",\"description\":\"Especialista en Pintura y Decoraci\u00f3n\",\"potentialAction\":[{\"@type\":\"SearchAction\",\"target\":{\"@type\":\"EntryPoint\",\"urlTemplate\":\"https:\/\/torreapinturaydecoracion.com\/?s={search_term_string}\"},\"query-input\":{\"@type\":\"PropertyValueSpecification\",\"valueRequired\":true,\"valueName\":\"search_term_string\"}}],\"inLanguage\":\"en-US\"}]}<\/script>\n<!-- \/ Yoast SEO plugin. -->","yoast_head_json":{"title":"Blog - Jose Luis Gracia Torrea \u00b7 Pintura y Decoraci\u00f3n","description":"Visita el blog de Jose Luis Gracia Torrea y descubre consejos sobre pintura y decoraci\u00f3n. \u00a1Insp\u00edrate en Terrassa! M\u00e1s info sobre Jose Luis Gracia Torrea \u00b7","robots":{"index":"noindex","follow":"follow","max-snippet":"max-snippet:-1","max-image-preview":"max-image-preview:large","max-video-preview":"max-video-preview:-1"},"og_locale":"en_US","og_type":"article","og_title":"Blog - Jose Luis Gracia Torrea \u00b7 Pintura y Decoraci\u00f3n","og_description":"Visita el blog de Jose Luis Gracia Torrea y descubre consejos sobre pintura y decoraci\u00f3n. \u00a1Insp\u00edrate en Terrassa! M\u00e1s info sobre Jose Luis Gracia Torrea \u00b7","og_url":"https:\/\/torreapinturaydecoracion.com\/en\/blog\/","og_site_name":"Jose Luis Gracia Torrea","article_modified_time":"2026-02-16T10:07:57+00:00","og_image":[{"width":1536,"height":1024,"url":"https:\/\/torreapinturaydecoracion.com\/wp-content\/uploads\/2026\/02\/ChatGPT-Image-16-feb-2026-09_00_52.png","type":"image\/png"}],"twitter_card":"summary_large_image","twitter_misc":{"Est. reading time":"5 minutes"},"schema":{"@context":"https:\/\/schema.org","@graph":[{"@type":"WebPage","@id":"https:\/\/torreapinturaydecoracion.com\/blog\/","url":"https:\/\/torreapinturaydecoracion.com\/blog\/","name":"Blog - Jose Luis Gracia Torrea \u00b7 Pintura y Decoraci\u00f3n","isPartOf":{"@id":"https:\/\/torreapinturaydecoracion.com\/#website"},"primaryImageOfPage":{"@id":"https:\/\/torreapinturaydecoracion.com\/blog\/#primaryimage"},"image":{"@id":"https:\/\/torreapinturaydecoracion.com\/blog\/#primaryimage"},"thumbnailUrl":"https:\/\/torreapinturaydecoracion.com\/wp-content\/uploads\/2026\/02\/ChatGPT-Image-16-feb-2026-09_00_52.png","datePublished":"2026-01-22T20:07:07+00:00","dateModified":"2026-02-16T10:07:57+00:00","description":"Visita el blog de Jose Luis Gracia Torrea y descubre consejos sobre pintura y decoraci\u00f3n. \u00a1Insp\u00edrate en Terrassa! M\u00e1s info sobre Jose Luis Gracia Torrea \u00b7","breadcrumb":{"@id":"https:\/\/torreapinturaydecoracion.com\/blog\/#breadcrumb"},"inLanguage":"en-US","potentialAction":[{"@type":"ReadAction","target":["https:\/\/torreapinturaydecoracion.com\/blog\/"]}]},{"@type":"ImageObject","inLanguage":"en-US","@id":"https:\/\/torreapinturaydecoracion.com\/blog\/#primaryimage","url":"https:\/\/torreapinturaydecoracion.com\/wp-content\/uploads\/2026\/02\/ChatGPT-Image-16-feb-2026-09_00_52.png","contentUrl":"https:\/\/torreapinturaydecoracion.com\/wp-content\/uploads\/2026\/02\/ChatGPT-Image-16-feb-2026-09_00_52.png","width":1536,"height":1024,"caption":"logotipo"},{"@type":"BreadcrumbList","@id":"https:\/\/torreapinturaydecoracion.com\/blog\/#breadcrumb","itemListElement":[{"@type":"ListItem","position":1,"name":"Portada","item":"https:\/\/torreapinturaydecoracion.com\/"},{"@type":"ListItem","position":2,"name":"Blog"}]},{"@type":"WebSite","@id":"https:\/\/torreapinturaydecoracion.com\/#website","url":"https:\/\/torreapinturaydecoracion.com\/","name":"Jose Luis Gracia Torrea","description":"Especialista en Pintura y Decoraci\u00f3n","potentialAction":[{"@type":"SearchAction","target":{"@type":"EntryPoint","urlTemplate":"https:\/\/torreapinturaydecoracion.com\/?s={search_term_string}"},"query-input":{"@type":"PropertyValueSpecification","valueRequired":true,"valueName":"search_term_string"}}],"inLanguage":"en-US"}]}},"_links":{"self":[{"href":"https:\/\/torreapinturaydecoracion.com\/en\/wp-json\/wp\/v2\/pages\/741","targetHints":{"allow":["GET"]}}],"collection":[{"href":"https:\/\/torreapinturaydecoracion.com\/en\/wp-json\/wp\/v2\/pages"}],"about":[{"href":"https:\/\/torreapinturaydecoracion.com\/en\/wp-json\/wp\/v2\/types\/page"}],"author":[{"embeddable":true,"href":"https:\/\/torreapinturaydecoracion.com\/en\/wp-json\/wp\/v2\/users\/1"}],"replies":[{"embeddable":true,"href":"https:\/\/torreapinturaydecoracion.com\/en\/wp-json\/wp\/v2\/comments?post=741"}],"version-history":[{"count":58,"href":"https:\/\/torreapinturaydecoracion.com\/en\/wp-json\/wp\/v2\/pages\/741\/revisions"}],"predecessor-version":[{"id":1446,"href":"https:\/\/torreapinturaydecoracion.com\/en\/wp-json\/wp\/v2\/pages\/741\/revisions\/1446"}],"wp:featuredmedia":[{"embeddable":true,"href":"https:\/\/torreapinturaydecoracion.com\/en\/wp-json\/wp\/v2\/media\/1390"}],"wp:attachment":[{"href":"https:\/\/torreapinturaydecoracion.com\/en\/wp-json\/wp\/v2\/media?parent=741"}],"curies":[{"name":"wp","href":"https:\/\/api.w.org\/{rel}","templated":true}]}}